{"id":3461,"date":"2018-05-28T22:41:49","date_gmt":"2018-05-28T22:41:49","guid":{"rendered":"https:\/\/parrishandheimbecker.com\/sample-page\/"},"modified":"2026-02-18T07:52:43","modified_gmt":"2026-02-18T07:52:43","slug":"sample-page","status":"publish","type":"page","link":"https:\/\/parrishandheimbecker.com\/fr\/","title":{"rendered":"Accueil"},"content":{"rendered":"<p>Ceci est une page d&#039;exemple. Contrairement \u00e0 un article de blog, elle restera statique et appara\u00eetra dans le menu de navigation de votre site (dans la plupart des th\u00e8mes). La plupart des gens commencent par une page \u00ab\u00a0\u00c0 propos\u00a0\u00bb qui leur permet de se pr\u00e9senter aux visiteurs potentiels. On pourrait y lire quelque chose comme\u00a0:<\/p>\n<blockquote><p>Bonjour\u00a0! Je suis coursier \u00e0 v\u00e9lo le jour, com\u00e9dien en herbe le soir, et voici mon site web. J\u2019habite \u00e0 Los Angeles, j\u2019ai un super chien nomm\u00e9 Jack et j\u2019adore les pi\u00f1a coladas. (Et se faire surprendre par la pluie.)<\/p><\/blockquote>\n<p>&#8230;ou quelque chose comme \u00e7a\u00a0:<\/p>\n<blockquote><p>La soci\u00e9t\u00e9 XYZ Doohickey a \u00e9t\u00e9 fond\u00e9e en 1971 et fournit depuis lors des gadgets de qualit\u00e9 au public. Situ\u00e9e \u00e0 Gotham City, XYZ emploie plus de 2\u00a0000 personnes et r\u00e9alise toutes sortes de projets formidables pour la communaut\u00e9 de Gotham.<\/p><\/blockquote>\n<p>En tant que nouvel utilisateur WordPress, vous devriez vous rendre sur <a href=\"http:\/\/www.pandhcropinputs.com\/wp-admin\/\">votre tableau de bord<\/a> pour supprimer cette page et cr\u00e9er de nouvelles pages pour votre contenu. Amusez-vous bien\u00a0!<\/p>\n","protected":false},"excerpt":{"rendered":"<p>Ceci est une page d&#039;exemple. Contrairement \u00e0 un article de blog, elle restera statique et appara\u00eetra dans le menu de navigation de votre site (dans la plupart des th\u00e8mes). La plupart des gens commencent par une page \u00ab\u00a0\u00c0 propos\u00a0\u00bb qui leur permet de se pr\u00e9senter aux visiteurs potentiels. On pourrait y lire quelque chose comme\u00a0: [&hellip;]<\/p>\n","protected":false},"author":1,"featured_media":0,"parent":0,"menu_order":0,"comment_status":"closed","ping_status":"open","template":"","meta":{"_acf_changed":false,"footnotes":""},"class_list":["post-3461","page","type-page","status-publish","hentry"],"acf":[],"yoast_head":"<!-- This site is optimized with the Yoast SEO Premium plugin v25.2 (Yoast SEO v26.8) - https:\/\/yoast.com\/product\/yoast-seo-premium-wordpress\/ -->\n<title>P&amp;H GrainAccueil | Parrish &amp; Heimbecker<\/title>\n<meta name=\"description\" content=\"P&amp;H \u2013 Au service des communaut\u00e9s agricoles : services agronomiques complets, intrants agricoles et conseils personnalis\u00e9s\" \/>\n<meta name=\"robots\" content=\"index, follow, max-snippet:-1, max-image-preview:large, max-video-preview:-1\" \/>\n<link rel=\"canonical\" href=\"https:\/\/parrishandheimbecker.com\/fr\/\" \/>\n<meta property=\"og:locale\" content=\"fr_FR\" \/>\n<meta property=\"og:type\" content=\"article\" \/>\n<meta property=\"og:title\" content=\"Accueil\" \/>\n<meta property=\"og:description\" content=\"P&amp;H \u2013 Au service des communaut\u00e9s agricoles : services agronomiques complets, intrants agricoles et conseils personnalis\u00e9s\" \/>\n<meta property=\"og:url\" content=\"https:\/\/parrishandheimbecker.com\/fr\/\" \/>\n<meta property=\"og:site_name\" content=\"Parrish and Heimbecker\" \/>\n<meta property=\"article:modified_time\" content=\"2026-02-18T07:52:43+00:00\" \/>\n<meta name=\"twitter:card\" content=\"summary_large_image\" \/>\n<meta name=\"twitter:label1\" content=\"Est. reading time\" \/>\n\t<meta name=\"twitter:data1\" content=\"1 minute\" \/>\n<script type=\"application\/ld+json\" class=\"yoast-schema-graph\">{\"@context\":\"https:\/\/schema.org\",\"@graph\":[{\"@type\":\"WebPage\",\"@id\":\"https:\/\/parrishandheimbecker.com\/fr\/\",\"url\":\"https:\/\/parrishandheimbecker.com\/fr\/\",\"name\":\"P&H GrainAccueil | Parrish & Heimbecker\",\"isPartOf\":{\"@id\":\"https:\/\/parrishandheimbecker.com\/fr\/#website\"},\"datePublished\":\"2018-05-28T22:41:49+00:00\",\"dateModified\":\"2026-02-18T07:52:43+00:00\",\"description\":\"P&H \u2013 Au service des communaut\u00e9s agricoles : services agronomiques complets, intrants agricoles et conseils personnalis\u00e9s\",\"breadcrumb\":{\"@id\":\"https:\/\/parrishandheimbecker.com\/fr\/#breadcrumb\"},\"inLanguage\":\"fr-FR\",\"potentialAction\":[{\"@type\":\"ReadAction\",\"target\":[\"https:\/\/parrishandheimbecker.com\/fr\/\"]}]},{\"@type\":\"BreadcrumbList\",\"@id\":\"https:\/\/parrishandheimbecker.com\/fr\/#breadcrumb\",\"itemListElement\":[{\"@type\":\"ListItem\",\"position\":1,\"name\":\"Home Page\",\"item\":\"https:\/\/parrishandheimbecker.com\/fr\/\"},{\"@type\":\"ListItem\",\"position\":2,\"name\":\"Accueil\"}]},{\"@type\":\"WebSite\",\"@id\":\"https:\/\/parrishandheimbecker.com\/fr\/#website\",\"url\":\"https:\/\/parrishandheimbecker.com\/fr\/\",\"name\":\"P&H\",\"description\":\"\",\"alternateName\":\"Parrish & Heimbecker Corporate\",\"potentialAction\":[{\"@type\":\"SearchAction\",\"target\":{\"@type\":\"EntryPoint\",\"urlTemplate\":\"https:\/\/parrishandheimbecker.com\/fr\/?s={search_term_string}\"},\"query-input\":{\"@type\":\"PropertyValueSpecification\",\"valueRequired\":true,\"valueName\":\"search_term_string\"}}],\"inLanguage\":\"fr-FR\"}]}<\/script>\n<!-- \/ Yoast SEO Premium plugin. -->","yoast_head_json":{"title":"P&H GrainAccueil | Parrish & Heimbecker","description":"P&H \u2013 Au service des communaut\u00e9s agricoles : services agronomiques complets, intrants agricoles et conseils personnalis\u00e9s","robots":{"index":"index","follow":"follow","max-snippet":"max-snippet:-1","max-image-preview":"max-image-preview:large","max-video-preview":"max-video-preview:-1"},"canonical":"https:\/\/parrishandheimbecker.com\/fr\/","og_locale":"fr_FR","og_type":"article","og_title":"Accueil","og_description":"P&H \u2013 Au service des communaut\u00e9s agricoles : services agronomiques complets, intrants agricoles et conseils personnalis\u00e9s","og_url":"https:\/\/parrishandheimbecker.com\/fr\/","og_site_name":"Parrish and Heimbecker","article_modified_time":"2026-02-18T07:52:43+00:00","twitter_card":"summary_large_image","twitter_misc":{"Est. reading time":"1 minute"},"schema":{"@context":"https:\/\/schema.org","@graph":[{"@type":"WebPage","@id":"https:\/\/parrishandheimbecker.com\/fr\/","url":"https:\/\/parrishandheimbecker.com\/fr\/","name":"P&H GrainAccueil | Parrish & Heimbecker","isPartOf":{"@id":"https:\/\/parrishandheimbecker.com\/fr\/#website"},"datePublished":"2018-05-28T22:41:49+00:00","dateModified":"2026-02-18T07:52:43+00:00","description":"P&H \u2013 Au service des communaut\u00e9s agricoles : services agronomiques complets, intrants agricoles et conseils personnalis\u00e9s","breadcrumb":{"@id":"https:\/\/parrishandheimbecker.com\/fr\/#breadcrumb"},"inLanguage":"fr-FR","potentialAction":[{"@type":"ReadAction","target":["https:\/\/parrishandheimbecker.com\/fr\/"]}]},{"@type":"BreadcrumbList","@id":"https:\/\/parrishandheimbecker.com\/fr\/#breadcrumb","itemListElement":[{"@type":"ListItem","position":1,"name":"Home Page","item":"https:\/\/parrishandheimbecker.com\/fr\/"},{"@type":"ListItem","position":2,"name":"Accueil"}]},{"@type":"WebSite","@id":"https:\/\/parrishandheimbecker.com\/fr\/#website","url":"https:\/\/parrishandheimbecker.com\/fr\/","name":"P&H","description":"","alternateName":"Parrish & Heimbecker Corporate","potentialAction":[{"@type":"SearchAction","target":{"@type":"EntryPoint","urlTemplate":"https:\/\/parrishandheimbecker.com\/fr\/?s={search_term_string}"},"query-input":{"@type":"PropertyValueSpecification","valueRequired":true,"valueName":"search_term_string"}}],"inLanguage":"fr-FR"}]}},"_links":{"self":[{"href":"https:\/\/parrishandheimbecker.com\/fr\/wp-json\/wp\/v2\/pages\/3461","targetHints":{"allow":["GET"]}}],"collection":[{"href":"https:\/\/parrishandheimbecker.com\/fr\/wp-json\/wp\/v2\/pages"}],"about":[{"href":"https:\/\/parrishandheimbecker.com\/fr\/wp-json\/wp\/v2\/types\/page"}],"author":[{"embeddable":true,"href":"https:\/\/parrishandheimbecker.com\/fr\/wp-json\/wp\/v2\/users\/1"}],"replies":[{"embeddable":true,"href":"https:\/\/parrishandheimbecker.com\/fr\/wp-json\/wp\/v2\/comments?post=3461"}],"version-history":[{"count":0,"href":"https:\/\/parrishandheimbecker.com\/fr\/wp-json\/wp\/v2\/pages\/3461\/revisions"}],"wp:attachment":[{"href":"https:\/\/parrishandheimbecker.com\/fr\/wp-json\/wp\/v2\/media?parent=3461"}],"curies":[{"name":"wp","href":"https:\/\/api.w.org\/{rel}","templated":true}]}}