{"id":3462,"date":"2019-06-18T14:45:29","date_gmt":"2019-06-18T14:45:29","guid":{"rendered":"https:\/\/parrishandheimbecker.com\/new-life-mills\/"},"modified":"2026-01-30T00:18:11","modified_gmt":"2026-01-30T00:18:11","slug":"new-life-mills","status":"publish","type":"page","link":"https:\/\/parrishandheimbecker.com\/fr\/new-life-mills\/","title":{"rendered":"New-Life Mills"},"content":{"rendered":"","protected":false},"excerpt":{"rendered":"","protected":false},"author":1,"featured_media":0,"parent":0,"menu_order":0,"comment_status":"closed","ping_status":"closed","template":"","meta":{"_acf_changed":false,"footnotes":""},"class_list":["post-3462","page","type-page","status-publish","hentry"],"acf":[],"yoast_head":"<!-- This site is optimized with the Yoast SEO Premium plugin v25.2 (Yoast SEO v27.4) - https:\/\/yoast.com\/product\/yoast-seo-premium-wordpress\/ -->\n<title>| Parrish &amp; Heimbecker<\/title>\n<meta name=\"description\" content=\"Avec cinq installations de production et une \u00e9quipe d\u00e9di\u00e9e d&#039;experts en gestion des esp\u00e8ces, en nutrition et en production, notre engagement envers les meilleurs intrants, aliments et services possibles pour les poulets de chair, les \u0153ufs, la dinde, le b\u0153uf, les produits laitiers et les porcs est la cl\u00e9 de notre succ\u00e8s.\" \/>\n<meta name=\"robots\" content=\"index, follow, max-snippet:-1, max-image-preview:large, max-video-preview:-1\" \/>\n<link rel=\"canonical\" href=\"https:\/\/parrishandheimbecker.com\/fr\/new-life-mills\/\" \/>\n<meta property=\"og:locale\" content=\"fr_FR\" \/>\n<meta property=\"og:type\" content=\"article\" \/>\n<meta property=\"og:title\" content=\"New-Life Mills\" \/>\n<meta property=\"og:description\" content=\"Avec cinq installations de production et une \u00e9quipe d\u00e9di\u00e9e d&#039;experts en gestion des esp\u00e8ces, en nutrition et en production, notre engagement envers les meilleurs intrants, aliments et services possibles pour les poulets de chair, les \u0153ufs, la dinde, le b\u0153uf, les produits laitiers et les porcs est la cl\u00e9 de notre succ\u00e8s.\" \/>\n<meta property=\"og:url\" content=\"https:\/\/parrishandheimbecker.com\/fr\/new-life-mills\/\" \/>\n<meta property=\"og:site_name\" content=\"Parrish and Heimbecker\" \/>\n<meta property=\"article:modified_time\" content=\"2026-01-30T00:18:11+00:00\" \/>\n<meta name=\"twitter:card\" content=\"summary_large_image\" \/>\n<script type=\"application\/ld+json\" class=\"yoast-schema-graph\">{\"@context\":\"https:\\\/\\\/schema.org\",\"@graph\":[{\"@type\":\"WebPage\",\"@id\":\"https:\\\/\\\/parrishandheimbecker.com\\\/fr\\\/new-life-mills\\\/\",\"url\":\"https:\\\/\\\/parrishandheimbecker.com\\\/fr\\\/new-life-mills\\\/\",\"name\":\"| Parrish & Heimbecker\",\"isPartOf\":{\"@id\":\"https:\\\/\\\/parrishandheimbecker.com\\\/fr\\\/#website\"},\"datePublished\":\"2019-06-18T14:45:29+00:00\",\"dateModified\":\"2026-01-30T00:18:11+00:00\",\"description\":\"Avec cinq installations de production et une \u00e9quipe d\u00e9di\u00e9e d'experts en gestion des esp\u00e8ces, en nutrition et en production, notre engagement envers les meilleurs intrants, aliments et services possibles pour les poulets de chair, les \u0153ufs, la dinde, le b\u0153uf, les produits laitiers et les porcs est la cl\u00e9 de notre succ\u00e8s.\",\"breadcrumb\":{\"@id\":\"https:\\\/\\\/parrishandheimbecker.com\\\/fr\\\/new-life-mills\\\/#breadcrumb\"},\"inLanguage\":\"fr-FR\",\"potentialAction\":[{\"@type\":\"ReadAction\",\"target\":[\"https:\\\/\\\/parrishandheimbecker.com\\\/fr\\\/new-life-mills\\\/\"]}]},{\"@type\":\"BreadcrumbList\",\"@id\":\"https:\\\/\\\/parrishandheimbecker.com\\\/fr\\\/new-life-mills\\\/#breadcrumb\",\"itemListElement\":[{\"@type\":\"ListItem\",\"position\":1,\"name\":\"Home Page\",\"item\":\"https:\\\/\\\/parrishandheimbecker.com\\\/fr\\\/\"},{\"@type\":\"ListItem\",\"position\":2,\"name\":\"New-Life Mills\"}]},{\"@type\":\"WebSite\",\"@id\":\"https:\\\/\\\/parrishandheimbecker.com\\\/fr\\\/#website\",\"url\":\"https:\\\/\\\/parrishandheimbecker.com\\\/fr\\\/\",\"name\":\"P&H\",\"description\":\"\",\"alternateName\":\"Parrish & Heimbecker Corporate\",\"potentialAction\":[{\"@type\":\"SearchAction\",\"target\":{\"@type\":\"EntryPoint\",\"urlTemplate\":\"https:\\\/\\\/parrishandheimbecker.com\\\/fr\\\/?s={search_term_string}\"},\"query-input\":{\"@type\":\"PropertyValueSpecification\",\"valueRequired\":true,\"valueName\":\"search_term_string\"}}],\"inLanguage\":\"fr-FR\"}]}<\/script>\n<!-- \/ Yoast SEO Premium plugin. -->","yoast_head_json":{"title":"| Parrish & Heimbecker","description":"Avec cinq installations de production et une \u00e9quipe d\u00e9di\u00e9e d'experts en gestion des esp\u00e8ces, en nutrition et en production, notre engagement envers les meilleurs intrants, aliments et services possibles pour les poulets de chair, les \u0153ufs, la dinde, le b\u0153uf, les produits laitiers et les porcs est la cl\u00e9 de notre succ\u00e8s.","robots":{"index":"index","follow":"follow","max-snippet":"max-snippet:-1","max-image-preview":"max-image-preview:large","max-video-preview":"max-video-preview:-1"},"canonical":"https:\/\/parrishandheimbecker.com\/fr\/new-life-mills\/","og_locale":"fr_FR","og_type":"article","og_title":"New-Life Mills","og_description":"Avec cinq installations de production et une \u00e9quipe d\u00e9di\u00e9e d'experts en gestion des esp\u00e8ces, en nutrition et en production, notre engagement envers les meilleurs intrants, aliments et services possibles pour les poulets de chair, les \u0153ufs, la dinde, le b\u0153uf, les produits laitiers et les porcs est la cl\u00e9 de notre succ\u00e8s.","og_url":"https:\/\/parrishandheimbecker.com\/fr\/new-life-mills\/","og_site_name":"Parrish and Heimbecker","article_modified_time":"2026-01-30T00:18:11+00:00","twitter_card":"summary_large_image","schema":{"@context":"https:\/\/schema.org","@graph":[{"@type":"WebPage","@id":"https:\/\/parrishandheimbecker.com\/fr\/new-life-mills\/","url":"https:\/\/parrishandheimbecker.com\/fr\/new-life-mills\/","name":"| Parrish & Heimbecker","isPartOf":{"@id":"https:\/\/parrishandheimbecker.com\/fr\/#website"},"datePublished":"2019-06-18T14:45:29+00:00","dateModified":"2026-01-30T00:18:11+00:00","description":"Avec cinq installations de production et une \u00e9quipe d\u00e9di\u00e9e d'experts en gestion des esp\u00e8ces, en nutrition et en production, notre engagement envers les meilleurs intrants, aliments et services possibles pour les poulets de chair, les \u0153ufs, la dinde, le b\u0153uf, les produits laitiers et les porcs est la cl\u00e9 de notre succ\u00e8s.","breadcrumb":{"@id":"https:\/\/parrishandheimbecker.com\/fr\/new-life-mills\/#breadcrumb"},"inLanguage":"fr-FR","potentialAction":[{"@type":"ReadAction","target":["https:\/\/parrishandheimbecker.com\/fr\/new-life-mills\/"]}]},{"@type":"BreadcrumbList","@id":"https:\/\/parrishandheimbecker.com\/fr\/new-life-mills\/#breadcrumb","itemListElement":[{"@type":"ListItem","position":1,"name":"Home Page","item":"https:\/\/parrishandheimbecker.com\/fr\/"},{"@type":"ListItem","position":2,"name":"New-Life Mills"}]},{"@type":"WebSite","@id":"https:\/\/parrishandheimbecker.com\/fr\/#website","url":"https:\/\/parrishandheimbecker.com\/fr\/","name":"P&H","description":"","alternateName":"Parrish & Heimbecker Corporate","potentialAction":[{"@type":"SearchAction","target":{"@type":"EntryPoint","urlTemplate":"https:\/\/parrishandheimbecker.com\/fr\/?s={search_term_string}"},"query-input":{"@type":"PropertyValueSpecification","valueRequired":true,"valueName":"search_term_string"}}],"inLanguage":"fr-FR"}]}},"_links":{"self":[{"href":"https:\/\/parrishandheimbecker.com\/fr\/wp-json\/wp\/v2\/pages\/3462","targetHints":{"allow":["GET"]}}],"collection":[{"href":"https:\/\/parrishandheimbecker.com\/fr\/wp-json\/wp\/v2\/pages"}],"about":[{"href":"https:\/\/parrishandheimbecker.com\/fr\/wp-json\/wp\/v2\/types\/page"}],"author":[{"embeddable":true,"href":"https:\/\/parrishandheimbecker.com\/fr\/wp-json\/wp\/v2\/users\/1"}],"replies":[{"embeddable":true,"href":"https:\/\/parrishandheimbecker.com\/fr\/wp-json\/wp\/v2\/comments?post=3462"}],"version-history":[{"count":0,"href":"https:\/\/parrishandheimbecker.com\/fr\/wp-json\/wp\/v2\/pages\/3462\/revisions"}],"wp:attachment":[{"href":"https:\/\/parrishandheimbecker.com\/fr\/wp-json\/wp\/v2\/media?parent=3462"}],"curies":[{"name":"wp","href":"https:\/\/api.w.org\/{rel}","templated":true}]}}