{"id":3468,"date":"2021-05-07T22:18:35","date_gmt":"2021-05-07T22:18:35","guid":{"rendered":"https:\/\/parrishandheimbecker.com\/operationaltermsandconditions\/"},"modified":"2026-02-18T07:58:15","modified_gmt":"2026-02-18T07:58:15","slug":"operationaltermsandconditions","status":"publish","type":"page","link":"https:\/\/parrishandheimbecker.com\/fr\/operationaltermsandconditions\/","title":{"rendered":"Conditions g\u00e9n\u00e9rales d&rsquo;achat"},"content":{"rendered":"","protected":false},"excerpt":{"rendered":"","protected":false},"author":3,"featured_media":0,"parent":0,"menu_order":0,"comment_status":"closed","ping_status":"closed","template":"","meta":{"_acf_changed":false,"footnotes":""},"class_list":["post-3468","page","type-page","status-publish","hentry"],"acf":[],"yoast_head":"<!-- This site is optimized with the Yoast SEO Premium plugin v25.2 (Yoast SEO v27.4) - https:\/\/yoast.com\/product\/yoast-seo-premium-wordpress\/ -->\n<title>Conditions g\u00e9n\u00e9rales d&#039;achat - Parrish and Heimbecker<\/title>\n<meta name=\"description\" content=\"Tous les termes en majuscules non d\u00e9finis dans la pr\u00e9sente (le \u00ab Contrat \u00bb) auront la signification qui leur est attribu\u00e9e dans le Bon de commande. Le bon de commande, toute la documentation qui y est r\u00e9f\u00e9renc\u00e9e et le pr\u00e9sent accord contiennent l&#039;int\u00e9gralit\u00e9 de l&#039;accord entre l&#039;acheteur et le vendeur et remplacent toute correspondance et n\u00e9gociation ant\u00e9rieures.\" \/>\n<meta name=\"robots\" content=\"index, follow, max-snippet:-1, max-image-preview:large, max-video-preview:-1\" \/>\n<link rel=\"canonical\" href=\"https:\/\/parrishandheimbecker.com\/fr\/operationaltermsandconditions\/\" \/>\n<meta property=\"og:locale\" content=\"fr_FR\" \/>\n<meta property=\"og:type\" content=\"article\" \/>\n<meta property=\"og:title\" content=\"Conditions g\u00e9n\u00e9rales d&#039;achat\" \/>\n<meta property=\"og:description\" content=\"Tous les termes en majuscules non d\u00e9finis dans la pr\u00e9sente (le \u00ab Contrat \u00bb) auront la signification qui leur est attribu\u00e9e dans le Bon de commande. Le bon de commande, toute la documentation qui y est r\u00e9f\u00e9renc\u00e9e et le pr\u00e9sent accord contiennent l&#039;int\u00e9gralit\u00e9 de l&#039;accord entre l&#039;acheteur et le vendeur et remplacent toute correspondance et n\u00e9gociation ant\u00e9rieures.\" \/>\n<meta property=\"og:url\" content=\"https:\/\/parrishandheimbecker.com\/fr\/operationaltermsandconditions\/\" \/>\n<meta property=\"og:site_name\" content=\"Parrish and Heimbecker\" \/>\n<meta property=\"article:modified_time\" content=\"2026-02-18T07:58:15+00:00\" \/>\n<meta name=\"twitter:card\" content=\"summary_large_image\" \/>\n<script type=\"application\/ld+json\" class=\"yoast-schema-graph\">{\"@context\":\"https:\\\/\\\/schema.org\",\"@graph\":[{\"@type\":\"WebPage\",\"@id\":\"https:\\\/\\\/parrishandheimbecker.com\\\/fr\\\/operationaltermsandconditions\\\/\",\"url\":\"https:\\\/\\\/parrishandheimbecker.com\\\/fr\\\/operationaltermsandconditions\\\/\",\"name\":\"Conditions g\u00e9n\u00e9rales d'achat - Parrish and Heimbecker\",\"isPartOf\":{\"@id\":\"https:\\\/\\\/parrishandheimbecker.com\\\/fr\\\/#website\"},\"datePublished\":\"2021-05-07T22:18:35+00:00\",\"dateModified\":\"2026-02-18T07:58:15+00:00\",\"description\":\"Tous les termes en majuscules non d\u00e9finis dans la pr\u00e9sente (le \u00ab Contrat \u00bb) auront la signification qui leur est attribu\u00e9e dans le Bon de commande. Le bon de commande, toute la documentation qui y est r\u00e9f\u00e9renc\u00e9e et le pr\u00e9sent accord contiennent l'int\u00e9gralit\u00e9 de l'accord entre l'acheteur et le vendeur et remplacent toute correspondance et n\u00e9gociation ant\u00e9rieures.\",\"breadcrumb\":{\"@id\":\"https:\\\/\\\/parrishandheimbecker.com\\\/fr\\\/operationaltermsandconditions\\\/#breadcrumb\"},\"inLanguage\":\"fr-FR\",\"potentialAction\":[{\"@type\":\"ReadAction\",\"target\":[\"https:\\\/\\\/parrishandheimbecker.com\\\/fr\\\/operationaltermsandconditions\\\/\"]}]},{\"@type\":\"BreadcrumbList\",\"@id\":\"https:\\\/\\\/parrishandheimbecker.com\\\/fr\\\/operationaltermsandconditions\\\/#breadcrumb\",\"itemListElement\":[{\"@type\":\"ListItem\",\"position\":1,\"name\":\"Home Page\",\"item\":\"https:\\\/\\\/parrishandheimbecker.com\\\/fr\\\/\"},{\"@type\":\"ListItem\",\"position\":2,\"name\":\"Conditions g\u00e9n\u00e9rales d&#8217;achat\"}]},{\"@type\":\"WebSite\",\"@id\":\"https:\\\/\\\/parrishandheimbecker.com\\\/fr\\\/#website\",\"url\":\"https:\\\/\\\/parrishandheimbecker.com\\\/fr\\\/\",\"name\":\"P&H\",\"description\":\"\",\"alternateName\":\"Parrish & Heimbecker Corporate\",\"potentialAction\":[{\"@type\":\"SearchAction\",\"target\":{\"@type\":\"EntryPoint\",\"urlTemplate\":\"https:\\\/\\\/parrishandheimbecker.com\\\/fr\\\/?s={search_term_string}\"},\"query-input\":{\"@type\":\"PropertyValueSpecification\",\"valueRequired\":true,\"valueName\":\"search_term_string\"}}],\"inLanguage\":\"fr-FR\"}]}<\/script>\n<!-- \/ Yoast SEO Premium plugin. -->","yoast_head_json":{"title":"Conditions g\u00e9n\u00e9rales d'achat - Parrish and Heimbecker","description":"Tous les termes en majuscules non d\u00e9finis dans la pr\u00e9sente (le \u00ab Contrat \u00bb) auront la signification qui leur est attribu\u00e9e dans le Bon de commande. Le bon de commande, toute la documentation qui y est r\u00e9f\u00e9renc\u00e9e et le pr\u00e9sent accord contiennent l'int\u00e9gralit\u00e9 de l'accord entre l'acheteur et le vendeur et remplacent toute correspondance et n\u00e9gociation ant\u00e9rieures.","robots":{"index":"index","follow":"follow","max-snippet":"max-snippet:-1","max-image-preview":"max-image-preview:large","max-video-preview":"max-video-preview:-1"},"canonical":"https:\/\/parrishandheimbecker.com\/fr\/operationaltermsandconditions\/","og_locale":"fr_FR","og_type":"article","og_title":"Conditions g\u00e9n\u00e9rales d'achat","og_description":"Tous les termes en majuscules non d\u00e9finis dans la pr\u00e9sente (le \u00ab Contrat \u00bb) auront la signification qui leur est attribu\u00e9e dans le Bon de commande. Le bon de commande, toute la documentation qui y est r\u00e9f\u00e9renc\u00e9e et le pr\u00e9sent accord contiennent l'int\u00e9gralit\u00e9 de l'accord entre l'acheteur et le vendeur et remplacent toute correspondance et n\u00e9gociation ant\u00e9rieures.","og_url":"https:\/\/parrishandheimbecker.com\/fr\/operationaltermsandconditions\/","og_site_name":"Parrish and Heimbecker","article_modified_time":"2026-02-18T07:58:15+00:00","twitter_card":"summary_large_image","schema":{"@context":"https:\/\/schema.org","@graph":[{"@type":"WebPage","@id":"https:\/\/parrishandheimbecker.com\/fr\/operationaltermsandconditions\/","url":"https:\/\/parrishandheimbecker.com\/fr\/operationaltermsandconditions\/","name":"Conditions g\u00e9n\u00e9rales d'achat - Parrish and Heimbecker","isPartOf":{"@id":"https:\/\/parrishandheimbecker.com\/fr\/#website"},"datePublished":"2021-05-07T22:18:35+00:00","dateModified":"2026-02-18T07:58:15+00:00","description":"Tous les termes en majuscules non d\u00e9finis dans la pr\u00e9sente (le \u00ab Contrat \u00bb) auront la signification qui leur est attribu\u00e9e dans le Bon de commande. Le bon de commande, toute la documentation qui y est r\u00e9f\u00e9renc\u00e9e et le pr\u00e9sent accord contiennent l'int\u00e9gralit\u00e9 de l'accord entre l'acheteur et le vendeur et remplacent toute correspondance et n\u00e9gociation ant\u00e9rieures.","breadcrumb":{"@id":"https:\/\/parrishandheimbecker.com\/fr\/operationaltermsandconditions\/#breadcrumb"},"inLanguage":"fr-FR","potentialAction":[{"@type":"ReadAction","target":["https:\/\/parrishandheimbecker.com\/fr\/operationaltermsandconditions\/"]}]},{"@type":"BreadcrumbList","@id":"https:\/\/parrishandheimbecker.com\/fr\/operationaltermsandconditions\/#breadcrumb","itemListElement":[{"@type":"ListItem","position":1,"name":"Home Page","item":"https:\/\/parrishandheimbecker.com\/fr\/"},{"@type":"ListItem","position":2,"name":"Conditions g\u00e9n\u00e9rales d&#8217;achat"}]},{"@type":"WebSite","@id":"https:\/\/parrishandheimbecker.com\/fr\/#website","url":"https:\/\/parrishandheimbecker.com\/fr\/","name":"P&H","description":"","alternateName":"Parrish & Heimbecker Corporate","potentialAction":[{"@type":"SearchAction","target":{"@type":"EntryPoint","urlTemplate":"https:\/\/parrishandheimbecker.com\/fr\/?s={search_term_string}"},"query-input":{"@type":"PropertyValueSpecification","valueRequired":true,"valueName":"search_term_string"}}],"inLanguage":"fr-FR"}]}},"_links":{"self":[{"href":"https:\/\/parrishandheimbecker.com\/fr\/wp-json\/wp\/v2\/pages\/3468","targetHints":{"allow":["GET"]}}],"collection":[{"href":"https:\/\/parrishandheimbecker.com\/fr\/wp-json\/wp\/v2\/pages"}],"about":[{"href":"https:\/\/parrishandheimbecker.com\/fr\/wp-json\/wp\/v2\/types\/page"}],"author":[{"embeddable":true,"href":"https:\/\/parrishandheimbecker.com\/fr\/wp-json\/wp\/v2\/users\/3"}],"replies":[{"embeddable":true,"href":"https:\/\/parrishandheimbecker.com\/fr\/wp-json\/wp\/v2\/comments?post=3468"}],"version-history":[{"count":0,"href":"https:\/\/parrishandheimbecker.com\/fr\/wp-json\/wp\/v2\/pages\/3468\/revisions"}],"wp:attachment":[{"href":"https:\/\/parrishandheimbecker.com\/fr\/wp-json\/wp\/v2\/media?parent=3468"}],"curies":[{"name":"wp","href":"https:\/\/api.w.org\/{rel}","templated":true}]}}