{"id":3539,"date":"2025-10-27T15:03:59","date_gmt":"2025-10-27T15:03:59","guid":{"rendered":"https:\/\/parrishandheimbecker.com\/?page_id=3539"},"modified":"2025-10-27T15:03:59","modified_gmt":"2025-10-27T15:03:59","slug":"groupe-ph-milling","status":"publish","type":"page","link":"https:\/\/parrishandheimbecker.com\/fr\/groupe-ph-milling\/","title":{"rendered":"Groupe P&amp;H Milling"},"content":{"rendered":"","protected":false},"excerpt":{"rendered":"","protected":false},"author":3,"featured_media":0,"parent":0,"menu_order":0,"comment_status":"closed","ping_status":"closed","template":"","meta":{"_acf_changed":false,"footnotes":""},"class_list":["post-3539","page","type-page","status-publish","hentry"],"acf":[],"yoast_head":"<!-- This site is optimized with the Yoast SEO Premium plugin v25.2 (Yoast SEO v27.4) - https:\/\/yoast.com\/product\/yoast-seo-premium-wordpress\/ -->\n<title>| Parrish &amp; Heimbecker<\/title>\n<meta name=\"description\" content=\"P&amp;H est la plus grande entreprise canadienne de minoterie. Le groupe P&amp;H Milling s&#039;approvisionne en bl\u00e9 de l&#039;Ouest canadien, de l&#039;Ontario, du Qu\u00e9bec et des provinces de l&#039;Atlantique pour produire de la farine et des produits c\u00e9r\u00e9aliers de qualit\u00e9.\" \/>\n<meta name=\"robots\" content=\"index, follow, max-snippet:-1, max-image-preview:large, max-video-preview:-1\" \/>\n<link rel=\"canonical\" href=\"https:\/\/parrishandheimbecker.com\/fr\/groupe-ph-milling\/\" \/>\n<meta property=\"og:locale\" content=\"fr_FR\" \/>\n<meta property=\"og:type\" content=\"article\" \/>\n<meta property=\"og:title\" content=\"Groupe P&amp;H Milling\" \/>\n<meta property=\"og:description\" content=\"P&amp;H est la plus grande entreprise canadienne de minoterie. Le groupe P&amp;H Milling s&#039;approvisionne en bl\u00e9 de l&#039;Ouest canadien, de l&#039;Ontario, du Qu\u00e9bec et des provinces de l&#039;Atlantique pour produire de la farine et des produits c\u00e9r\u00e9aliers de qualit\u00e9.\" \/>\n<meta property=\"og:url\" content=\"https:\/\/parrishandheimbecker.com\/fr\/groupe-ph-milling\/\" \/>\n<meta property=\"og:site_name\" content=\"Parrish and Heimbecker\" \/>\n<meta name=\"twitter:card\" content=\"summary_large_image\" \/>\n<script type=\"application\/ld+json\" class=\"yoast-schema-graph\">{\"@context\":\"https:\\\/\\\/schema.org\",\"@graph\":[{\"@type\":\"WebPage\",\"@id\":\"https:\\\/\\\/parrishandheimbecker.com\\\/fr\\\/groupe-ph-milling\\\/\",\"url\":\"https:\\\/\\\/parrishandheimbecker.com\\\/fr\\\/groupe-ph-milling\\\/\",\"name\":\"| Parrish & Heimbecker\",\"isPartOf\":{\"@id\":\"https:\\\/\\\/parrishandheimbecker.com\\\/fr\\\/#website\"},\"datePublished\":\"2025-10-27T15:03:59+00:00\",\"description\":\"P&H est la plus grande entreprise canadienne de minoterie. Le groupe P&H Milling s'approvisionne en bl\u00e9 de l'Ouest canadien, de l'Ontario, du Qu\u00e9bec et des provinces de l'Atlantique pour produire de la farine et des produits c\u00e9r\u00e9aliers de qualit\u00e9.\",\"breadcrumb\":{\"@id\":\"https:\\\/\\\/parrishandheimbecker.com\\\/fr\\\/groupe-ph-milling\\\/#breadcrumb\"},\"inLanguage\":\"fr-FR\",\"potentialAction\":[{\"@type\":\"ReadAction\",\"target\":[\"https:\\\/\\\/parrishandheimbecker.com\\\/fr\\\/groupe-ph-milling\\\/\"]}]},{\"@type\":\"BreadcrumbList\",\"@id\":\"https:\\\/\\\/parrishandheimbecker.com\\\/fr\\\/groupe-ph-milling\\\/#breadcrumb\",\"itemListElement\":[{\"@type\":\"ListItem\",\"position\":1,\"name\":\"Home Page\",\"item\":\"https:\\\/\\\/parrishandheimbecker.com\\\/fr\\\/\"},{\"@type\":\"ListItem\",\"position\":2,\"name\":\"Groupe P&amp;H Milling\"}]},{\"@type\":\"WebSite\",\"@id\":\"https:\\\/\\\/parrishandheimbecker.com\\\/fr\\\/#website\",\"url\":\"https:\\\/\\\/parrishandheimbecker.com\\\/fr\\\/\",\"name\":\"P&H\",\"description\":\"\",\"alternateName\":\"Parrish & Heimbecker Corporate\",\"potentialAction\":[{\"@type\":\"SearchAction\",\"target\":{\"@type\":\"EntryPoint\",\"urlTemplate\":\"https:\\\/\\\/parrishandheimbecker.com\\\/fr\\\/?s={search_term_string}\"},\"query-input\":{\"@type\":\"PropertyValueSpecification\",\"valueRequired\":true,\"valueName\":\"search_term_string\"}}],\"inLanguage\":\"fr-FR\"}]}<\/script>\n<!-- \/ Yoast SEO Premium plugin. -->","yoast_head_json":{"title":"| Parrish & Heimbecker","description":"P&H est la plus grande entreprise canadienne de minoterie. Le groupe P&H Milling s'approvisionne en bl\u00e9 de l'Ouest canadien, de l'Ontario, du Qu\u00e9bec et des provinces de l'Atlantique pour produire de la farine et des produits c\u00e9r\u00e9aliers de qualit\u00e9.","robots":{"index":"index","follow":"follow","max-snippet":"max-snippet:-1","max-image-preview":"max-image-preview:large","max-video-preview":"max-video-preview:-1"},"canonical":"https:\/\/parrishandheimbecker.com\/fr\/groupe-ph-milling\/","og_locale":"fr_FR","og_type":"article","og_title":"Groupe P&amp;H Milling","og_description":"P&H est la plus grande entreprise canadienne de minoterie. Le groupe P&H Milling s'approvisionne en bl\u00e9 de l'Ouest canadien, de l'Ontario, du Qu\u00e9bec et des provinces de l'Atlantique pour produire de la farine et des produits c\u00e9r\u00e9aliers de qualit\u00e9.","og_url":"https:\/\/parrishandheimbecker.com\/fr\/groupe-ph-milling\/","og_site_name":"Parrish and Heimbecker","twitter_card":"summary_large_image","schema":{"@context":"https:\/\/schema.org","@graph":[{"@type":"WebPage","@id":"https:\/\/parrishandheimbecker.com\/fr\/groupe-ph-milling\/","url":"https:\/\/parrishandheimbecker.com\/fr\/groupe-ph-milling\/","name":"| Parrish & Heimbecker","isPartOf":{"@id":"https:\/\/parrishandheimbecker.com\/fr\/#website"},"datePublished":"2025-10-27T15:03:59+00:00","description":"P&H est la plus grande entreprise canadienne de minoterie. Le groupe P&H Milling s'approvisionne en bl\u00e9 de l'Ouest canadien, de l'Ontario, du Qu\u00e9bec et des provinces de l'Atlantique pour produire de la farine et des produits c\u00e9r\u00e9aliers de qualit\u00e9.","breadcrumb":{"@id":"https:\/\/parrishandheimbecker.com\/fr\/groupe-ph-milling\/#breadcrumb"},"inLanguage":"fr-FR","potentialAction":[{"@type":"ReadAction","target":["https:\/\/parrishandheimbecker.com\/fr\/groupe-ph-milling\/"]}]},{"@type":"BreadcrumbList","@id":"https:\/\/parrishandheimbecker.com\/fr\/groupe-ph-milling\/#breadcrumb","itemListElement":[{"@type":"ListItem","position":1,"name":"Home Page","item":"https:\/\/parrishandheimbecker.com\/fr\/"},{"@type":"ListItem","position":2,"name":"Groupe P&amp;H Milling"}]},{"@type":"WebSite","@id":"https:\/\/parrishandheimbecker.com\/fr\/#website","url":"https:\/\/parrishandheimbecker.com\/fr\/","name":"P&H","description":"","alternateName":"Parrish & Heimbecker Corporate","potentialAction":[{"@type":"SearchAction","target":{"@type":"EntryPoint","urlTemplate":"https:\/\/parrishandheimbecker.com\/fr\/?s={search_term_string}"},"query-input":{"@type":"PropertyValueSpecification","valueRequired":true,"valueName":"search_term_string"}}],"inLanguage":"fr-FR"}]}},"_links":{"self":[{"href":"https:\/\/parrishandheimbecker.com\/fr\/wp-json\/wp\/v2\/pages\/3539","targetHints":{"allow":["GET"]}}],"collection":[{"href":"https:\/\/parrishandheimbecker.com\/fr\/wp-json\/wp\/v2\/pages"}],"about":[{"href":"https:\/\/parrishandheimbecker.com\/fr\/wp-json\/wp\/v2\/types\/page"}],"author":[{"embeddable":true,"href":"https:\/\/parrishandheimbecker.com\/fr\/wp-json\/wp\/v2\/users\/3"}],"replies":[{"embeddable":true,"href":"https:\/\/parrishandheimbecker.com\/fr\/wp-json\/wp\/v2\/comments?post=3539"}],"version-history":[{"count":0,"href":"https:\/\/parrishandheimbecker.com\/fr\/wp-json\/wp\/v2\/pages\/3539\/revisions"}],"wp:attachment":[{"href":"https:\/\/parrishandheimbecker.com\/fr\/wp-json\/wp\/v2\/media?parent=3539"}],"curies":[{"name":"wp","href":"https:\/\/api.w.org\/{rel}","templated":true}]}}